{"id":2477,"date":"2026-02-10T09:12:00","date_gmt":"2026-02-10T08:12:00","guid":{"rendered":"https:\/\/www.hakle.de\/nachhaltigkeit\/"},"modified":"2026-03-06T11:01:16","modified_gmt":"2026-03-06T10:01:16","slug":"sustainability","status":"publish","type":"page","link":"https:\/\/www.hakle.de\/en\/sustainability\/","title":{"rendered":"Sustainability"},"content":{"rendered":"<div class=\"wpb-content-wrapper\">[vc_row full_width=&#8221;stretch_row_content&#8221; content_placement=&#8221;middle&#8221; el_class=&#8221;hero_pagina&#8221; css=&#8221;.vc_custom_1771580398963{background-image: url(https:\/\/www.hakle.de\/wp-content\/uploads\/2026\/02\/Hero-sustainability.png?id=817) !important;}&#8221;][vc_column el_class=&#8221;cm&#8221;][\/vc_column][\/vc_row][vc_row css=&#8221;.vc_custom_1771318846500{background-image: url(https:\/\/www.hakle.de\/wp-content\/uploads\/2026\/02\/Net_zero_bis_bg.png?id=821) !important;background-position: center !important;background-repeat: no-repeat !important;background-size: cover !important;}&#8221; el_class=&#8221;padding_background_img_netzero mtd100 desktop&#8221;][vc_column width=&#8221;1\/2&#8243;][vc_column_text css=&#8221;&#8221; color=&#8221;#ffffff&#8221; font_size=&#8221;d:30px|pl:18px|pp:18px&#8221; line_height=&#8221;120%&#8221; font_weight=&#8221;600&#8243; font_family=&#8221;Libre Baskerville&#8221;]Net Zero bis 2050<br \/>\nAchieving Carbon Neutrality[\/vc_column_text][vc_column_text css=&#8221;&#8221; el_class=&#8221;ptd20 ptm30&#8243; color=&#8221;#ffffff&#8221;]We commit, together with the Science Based Targets initiative (SBTi), to drastically reduce our greenhouse gas emissions and offset the residual ones, moving towards zero across the entire value chain. Our actions include increasing energy efficiency, using renewable energy and sustainable fuels, responsible forest management, and reducing plastic packaging[\/vc_column_text]<a href=\"https:\/\/www.sofidel.com\/en\/commitment\/\" class=\"vcex-button theme-button inline mtd30 mtm15 btn_over_outline mbd40\" target=\"_blank\" rel=\"noopener noreferrer\"><span class=\"vcex-button-inner theme-button-inner wpex-flex wpex-flex-wrap wpex-items-center wpex-justify-center\">Discover more<\/span><\/a> [\/vc_column][vc_column width=&#8221;1\/2&#8243;][\/vc_column][\/vc_row][vc_row el_class=&#8221;mobile mtm40&#8243;][vc_column][vc_single_image image=&#8221;2293&#8243; css=&#8221;&#8221;][\/vc_column][\/vc_row][vc_row el_class=&#8221;mobile mtm25&#8243;][vc_column][vc_column_text css=&#8221;&#8221; font_size=&#8221;d:29px|pl:18px|pp:18px&#8221; font_family=&#8221;Libre Baskerville&#8221; line_height=&#8221;120%&#8221;]\n<h2 style=\"text-align: center;\">Net Zero bis 2050<br \/>\nAchieving Carbon Neutrality<\/h2>\n[\/vc_column_text][vc_column_text css=&#8221;&#8221; el_class=&#8221;ptd40 ptm30&#8243;]\n<p style=\"text-align: center;\">We commit, together with the Science Based Targets initiative (SBTi), to drastically reduce our greenhouse gas emissions and offset the residual ones, moving towards zero across the entire value chain. Our actions include increasing energy efficiency, using renewable energy and sustainable fuels, responsible forest management, and reducing plastic packaging<\/p>\n[\/vc_column_text]<div class=\"theme-button-wrap textcenter wpex-clr\"><a href=\"https:\/\/www.sofidel.com\/en\/commitment\/\" class=\"vcex-button theme-button align-center inline mtd35 mtm35 btn_over_outline\" target=\"_blank\" rel=\"noopener noreferrer\"><span class=\"vcex-button-inner theme-button-inner wpex-flex wpex-flex-wrap wpex-items-center wpex-justify-center\">Discover more<\/span><\/a><\/div> [\/vc_column][\/vc_row][vc_row el_class=&#8221;ptd95 pbd40 ptm30&#8243;][vc_column][vc_column_text css=&#8221;&#8221; color=&#8221;#7ec07e&#8221; font_size=&#8221;d:20px|pl:18px|pp:18px&#8221; font_family=&#8221;Libre Baskerville&#8221; font_weight=&#8221;600&#8243; line_height=&#8221;100%&#8221;]\n<h2 style=\"text-align: center;\">We source sustainable materials<\/h2>\n[\/vc_column_text][vc_column_text css=&#8221;&#8221; el_class=&#8221;ptd35 ptm25&#8243;]\n<p style=\"text-align: center;\">Sustainability starts at the source. We only work with suppliers who adhere to FSC\u00ae, FSC Controlled Wood and PEFC\u2122 critera, meaning the raw material for Regina products comes from responsibly managed forests.<\/p>\n[\/vc_column_text][\/vc_column][\/vc_row][vc_row el_class=&#8221;ptd45 ptm65 pbd40&#8243;][vc_column][vc_column_text css=&#8221;&#8221; color=&#8221;#7ec07e&#8221; font_size=&#8221;d:20px|pl:18px|pp:18px&#8221; font_family=&#8221;Libre Baskerville&#8221; font_weight=&#8221;600&#8243; line_height=&#8221;100%&#8221;]\n<h2 style=\"text-align: center;\">We&#8217;re using less plastic<\/h2>\n[\/vc_column_text][vc_column_text css=&#8221;&#8221; el_class=&#8221;ptd35 ptm25&#8243;]\n<p style=\"text-align: center;\">By 2030, we want to half our use of plastic in production. And we&#8217;ve already introduced new paper packaging across a number of products. Where we still need to use it, we&#8217;ve switched to thinner plastic films and recycled materials to reduce our environmental impact where possible. And we&#8217;ve even used pioneering bioplastics in some markets &#8211; so watch this space for more progress!<\/p>\n[\/vc_column_text][\/vc_column][\/vc_row][vc_row max_width_custom=&#8221;780px&#8221; el_class=&#8221;mtd45 mtm65&#8243;][vc_column][vc_single_image image=&#8221;2294&#8243; css=&#8221;&#8221;][\/vc_column][\/vc_row][vc_row el_class=&#8221;ptd70 ptm65&#8243;][vc_column][vc_column_text css=&#8221;&#8221; color=&#8221;#7ec07e&#8221; font_size=&#8221;d:20px|pl:18px|pp:18px&#8221; font_family=&#8221;Libre Baskerville&#8221; font_weight=&#8221;600&#8243; line_height=&#8221;100%&#8221;]\n<h2 style=\"text-align: center;\">We&#8217;re lowering our carbon footprint<\/h2>\n[\/vc_column_text][vc_column_text css=&#8221;&#8221; el_class=&#8221;ptd35 ptm25&#8243;]\n<p style=\"text-align: center;\">In 2020, we reduced our CO2 emissions by 24% compared to 2009. Now we&#8217;ve set ourselves a new goal: to cut CO2 by another 40% before 2030. We&#8217;re already making a great start, using greener energy sources to power our processes. We&#8217;re using renewable electricity from solar panels and hydroelectricity as well as biomass power plants to reduce our footprint, as well as putting more energy saving measures in place across our business.<\/p>\n[\/vc_column_text][\/vc_column][\/vc_row][vc_row max_width_custom=&#8221;780px&#8221; el_class=&#8221;mtd45 mtm65&#8243;][vc_column][vc_single_image image=&#8221;2295&#8243; css=&#8221;&#8221;][\/vc_column][\/vc_row][vc_row el_class=&#8221;ptd70 ptm30&#8243;][vc_column][vc_column_text css=&#8221;&#8221; color=&#8221;#7ec07e&#8221; font_size=&#8221;d:20px|pl:18px|pp:18px&#8221; font_family=&#8221;Libre Baskerville&#8221; font_weight=&#8221;600&#8243; line_height=&#8221;100%&#8221;]\n<h2 style=\"text-align: center;\">We&#8217;re saving water<\/h2>\n[\/vc_column_text][vc_column_text css=&#8221;&#8221; el_class=&#8221;ptd35 ptm25&#8243;]\n<p style=\"text-align: center;\">Water is the most precious resource on our planet, and we all have a part to play in reducing water waste. And at Regina, we&#8217;re leading the charge. By closely monitoring our production processes, we&#8217;ve minimised the amount of water we use. In fact, our water consumption is now as much as 72% lower than the industry benchmark.<\/p>\n[\/vc_column_text][\/vc_column][\/vc_row][vc_row css=&#8221;.vc_custom_1771324336456{background-image: url(https:\/\/www.hakle.de\/wp-content\/uploads\/2026\/02\/Clean_living_img_bg.png?id=873) !important;background-position: center !important;background-repeat: no-repeat !important;background-size: cover !important;}&#8221; el_class=&#8221;padding_background_img_netzero mtd100 desktop mbd50&#8243;][vc_column width=&#8221;1\/2&#8243;][vc_column_text css=&#8221;&#8221; color=&#8221;accent&#8221; font_size=&#8221;d:29px|pl:18px|pp:18px&#8221; font_weight=&#8221;600&#8243; line_height=&#8221;120%&#8221; font_family=&#8221;Libre Baskerville&#8221;]Clean Living For people, for our <br class=\"desktop\" \/>homes, and for our planet[\/vc_column_text][vc_column_text css=&#8221;&#8221; color=&#8221;accent&#8221; el_class=&#8221;ptd60 ptm30&#8243;]\u201cSauber Leben\u201d ist die Leitlinie, die unsere Arbeit inspiriert. Unsere Produkte werden entwickelt, um den Hygienebedarf der Familien und den Sauberkeitsanspruch der Haushalte zu erf\u00fcllen. Tag f\u00fcr Tag suchen wir nach fortschrittlichen und nachhaltigen L\u00f6sungen und treffen unsere Entscheidungen im Respekt vor Menschen und dem Planeten. Hier beginnt das Engagement von Sofidel f\u00fcr den Aufbau einer besseren Welt: gerechter und nachhaltiger.[\/vc_column_text]<a href=\"https:\/\/www.sofidel.com\/en\/about-us\/our-ethos\/\" class=\"vcex-button theme-button inline mtd30 mtm15 btn_over_outline mbd40\" target=\"_blank\" rel=\"noopener noreferrer\"><span class=\"vcex-button-inner theme-button-inner wpex-flex wpex-flex-wrap wpex-items-center wpex-justify-center\">Discover more<\/span><\/a> [\/vc_column][vc_column width=&#8221;1\/2&#8243;][\/vc_column][\/vc_row][vc_row el_class=&#8221;mobile mtm40&#8243;][vc_column][vc_single_image image=&#8221;2296&#8243; css=&#8221;&#8221;][\/vc_column][\/vc_row][vc_row el_class=&#8221;mobile ptm25 mbm50&#8243;][vc_column][vc_column_text css=&#8221;&#8221; color=&#8221;#047ec2&#8243; font_size=&#8221;d:29px|pl:18px|pp:18px&#8221; font_family=&#8221;Libre Baskerville&#8221; font_weight=&#8221;600&#8243; line_height=&#8221;120%&#8221;]\n<p style=\"text-align: center;\">Clean Living For people, for our<br \/>\nhomes, and for our planet<\/p>\n[\/vc_column_text][vc_column_text css=&#8221;&#8221; color=&#8221;#047ec2&#8243; el_class=&#8221;ptd60 ptm30&#8243;]\n<p style=\"text-align: center;\">\u201cSauber Leben\u201d ist die Leitlinie, die unsere Arbeit inspiriert. Unsere Produkte werden entwickelt, um den Hygienebedarf der Familien und den Sauberkeitsanspruch der Haushalte zu erf\u00fcllen. Tag f\u00fcr Tag suchen wir nach fortschrittlichen und nachhaltigen L\u00f6sungen und treffen unsere Entscheidungen im Respekt vor Menschen und dem Planeten. Hier beginnt das Engagement von Sofidel f\u00fcr den Aufbau einer besseren Welt: gerechter und nachhaltiger.<\/p>\n[\/vc_column_text]<div class=\"theme-button-wrap textcenter wpex-clr\"><a href=\"https:\/\/www.sofidel.com\/en\/about-us\/our-ethos\/\" class=\"vcex-button theme-button align-center inline mtd20 mtm35 btn_over_outline\" target=\"_blank\" rel=\"noopener noreferrer\"><span class=\"vcex-button-inner theme-button-inner wpex-flex wpex-flex-wrap wpex-items-center wpex-justify-center\">Discover more<\/span><\/a><\/div> [\/vc_column][\/vc_row]\n<\/div>","protected":false},"excerpt":{"rendered":"<p>[vc_row full_width=&#8221;stretch_row_content&#8221; content_placement=&#8221;middle&#8221; el_class=&#8221;hero_pagina&#8221; css=&#8221;.vc_custom_1771580398963{background-image: url(https:\/\/www.hakle.de\/wp-content\/uploads\/2026\/02\/Hero-sustainability.png?id=817) !important;}&#8221;][vc_column el_class=&#8221;cm&#8221;][\/vc_column][\/vc_row][vc_row css=&#8221;.vc_custom_1771318846500{background-image: url(https:\/\/www.hakle.de\/wp-content\/uploads\/2026\/02\/Net_zero_bis_bg.png?id=821) !important;background-position: center !important;background-repeat: no-repeat !important;background-size: cover !important;}&#8221; el_class=&#8221;padding_background_img_netzero mtd100 desktop&#8221;][vc_column width=&#8221;1\/2&#8243;][vc_column_text css=&#8221;&#8221; color=&#8221;#ffffff&#8221; font_size=&#8221;d:30px|pl:18px|pp:18px&#8221; line_height=&#8221;120%&#8221; font_weight=&#8221;600&#8243; font_family=&#8221;Libre Baskerville&#8221;]Net Zero bis 2050 Achieving Carbon Neutrality[\/vc_column_text][vc_column_text css=&#8221;&#8221; el_class=&#8221;ptd20 ptm30&#8243; color=&#8221;#ffffff&#8221;]We commit, together with the Science Based Targets initiative (SBTi), to drastically reduce our greenhouse gas emissions and&hellip;<\/p>\n","protected":false},"author":2,"featured_media":0,"parent":0,"menu_order":0,"comment_status":"closed","ping_status":"closed","template":"","meta":{"footnotes":""},"class_list":["post-2477","page","type-page","status-publish","hentry","entry","no-media"],"yoast_head":"<!-- This site is optimized with the Yoast SEO plugin v27.4 - https:\/\/yoast.com\/product\/yoast-seo-wordpress\/ -->\n<title>Sustainability - Hakle<\/title>\n<meta name=\"robots\" content=\"index, follow, max-snippet:-1, max-image-preview:large, max-video-preview:-1\" \/>\n<link rel=\"canonical\" href=\"https:\/\/www.hakle.de\/en\/sustainability\/\" \/>\n<meta property=\"og:locale\" content=\"en_US\" \/>\n<meta property=\"og:type\" content=\"article\" \/>\n<meta property=\"og:title\" content=\"Sustainability - Hakle\" \/>\n<meta property=\"og:description\" content=\"[vc_row full_width=&#8221;stretch_row_content&#8221; content_placement=&#8221;middle&#8221; el_class=&#8221;hero_pagina&#8221; css=&#8221;.vc_custom_1771580398963{background-image: url(https:\/\/www.hakle.de\/wp-content\/uploads\/2026\/02\/Hero-sustainability.png?id=817) !important;}&#8221;][vc_column el_class=&#8221;cm&#8221;][\/vc_column][\/vc_row][vc_row css=&#8221;.vc_custom_1771318846500{background-image: url(https:\/\/www.hakle.de\/wp-content\/uploads\/2026\/02\/Net_zero_bis_bg.png?id=821) !important;background-position: center !important;background-repeat: no-repeat !important;background-size: cover !important;}&#8221; el_class=&#8221;padding_background_img_netzero mtd100 desktop&#8221;][vc_column width=&#8221;1\/2&#8243;][vc_column_text css=&#8221;&#8221; color=&#8221;#ffffff&#8221; font_size=&#8221;d:30px|pl:18px|pp:18px&#8221; line_height=&#8221;120%&#8221; font_weight=&#8221;600&#8243; font_family=&#8221;Libre Baskerville&#8221;]Net Zero bis 2050 Achieving Carbon Neutrality[\/vc_column_text][vc_column_text css=&#8221;&#8221; el_class=&#8221;ptd20 ptm30&#8243; color=&#8221;#ffffff&#8221;]We commit, together with the Science Based Targets initiative (SBTi), to drastically reduce our greenhouse gas emissions and&hellip;\" \/>\n<meta property=\"og:url\" content=\"https:\/\/www.hakle.de\/en\/sustainability\/\" \/>\n<meta property=\"og:site_name\" content=\"Hakle\" \/>\n<meta property=\"article:modified_time\" content=\"2026-03-06T10:01:16+00:00\" \/>\n<meta name=\"twitter:card\" content=\"summary_large_image\" \/>\n<meta name=\"twitter:label1\" content=\"Est. reading time\" \/>\n\t<meta name=\"twitter:data1\" content=\"6 minutes\" \/>\n<script type=\"application\/ld+json\" class=\"yoast-schema-graph\">{\"@context\":\"https:\\\/\\\/schema.org\",\"@graph\":[{\"@type\":\"WebPage\",\"@id\":\"https:\\\/\\\/www.hakle.de\\\/en\\\/sustainability\\\/\",\"url\":\"https:\\\/\\\/www.hakle.de\\\/en\\\/sustainability\\\/\",\"name\":\"Sustainability - Hakle\",\"isPartOf\":{\"@id\":\"https:\\\/\\\/www.hakle.de\\\/#website\"},\"datePublished\":\"2026-02-10T08:12:00+00:00\",\"dateModified\":\"2026-03-06T10:01:16+00:00\",\"breadcrumb\":{\"@id\":\"https:\\\/\\\/www.hakle.de\\\/en\\\/sustainability\\\/#breadcrumb\"},\"inLanguage\":\"en-US\",\"potentialAction\":[{\"@type\":\"ReadAction\",\"target\":[\"https:\\\/\\\/www.hakle.de\\\/en\\\/sustainability\\\/\"]}]},{\"@type\":\"BreadcrumbList\",\"@id\":\"https:\\\/\\\/www.hakle.de\\\/en\\\/sustainability\\\/#breadcrumb\",\"itemListElement\":[{\"@type\":\"ListItem\",\"position\":1,\"name\":\"Start\",\"item\":\"https:\\\/\\\/www.hakle.de\\\/en\\\/\"},{\"@type\":\"ListItem\",\"position\":2,\"name\":\"Sustainability\"}]},{\"@type\":\"WebSite\",\"@id\":\"https:\\\/\\\/www.hakle.de\\\/#website\",\"url\":\"https:\\\/\\\/www.hakle.de\\\/\",\"name\":\"Hakle\",\"description\":\"\",\"publisher\":{\"@id\":\"https:\\\/\\\/www.hakle.de\\\/#organization\"},\"potentialAction\":[{\"@type\":\"SearchAction\",\"target\":{\"@type\":\"EntryPoint\",\"urlTemplate\":\"https:\\\/\\\/www.hakle.de\\\/?s={search_term_string}\"},\"query-input\":{\"@type\":\"PropertyValueSpecification\",\"valueRequired\":true,\"valueName\":\"search_term_string\"}}],\"inLanguage\":\"en-US\"},{\"@type\":\"Organization\",\"@id\":\"https:\\\/\\\/www.hakle.de\\\/#organization\",\"name\":\"Hakle\",\"url\":\"https:\\\/\\\/www.hakle.de\\\/\",\"logo\":{\"@type\":\"ImageObject\",\"inLanguage\":\"en-US\",\"@id\":\"https:\\\/\\\/www.hakle.de\\\/#\\\/schema\\\/logo\\\/image\\\/\",\"url\":\"https:\\\/\\\/www.hakle.de\\\/wp-content\\\/uploads\\\/2026\\\/02\\\/Logo_hakle.svg\",\"contentUrl\":\"https:\\\/\\\/www.hakle.de\\\/wp-content\\\/uploads\\\/2026\\\/02\\\/Logo_hakle.svg\",\"caption\":\"Hakle\"},\"image\":{\"@id\":\"https:\\\/\\\/www.hakle.de\\\/#\\\/schema\\\/logo\\\/image\\\/\"}}]}<\/script>\n<!-- \/ Yoast SEO plugin. -->","yoast_head_json":{"title":"Sustainability - Hakle","robots":{"index":"index","follow":"follow","max-snippet":"max-snippet:-1","max-image-preview":"max-image-preview:large","max-video-preview":"max-video-preview:-1"},"canonical":"https:\/\/www.hakle.de\/en\/sustainability\/","og_locale":"en_US","og_type":"article","og_title":"Sustainability - Hakle","og_description":"[vc_row full_width=&#8221;stretch_row_content&#8221; content_placement=&#8221;middle&#8221; el_class=&#8221;hero_pagina&#8221; css=&#8221;.vc_custom_1771580398963{background-image: url(https:\/\/www.hakle.de\/wp-content\/uploads\/2026\/02\/Hero-sustainability.png?id=817) !important;}&#8221;][vc_column el_class=&#8221;cm&#8221;][\/vc_column][\/vc_row][vc_row css=&#8221;.vc_custom_1771318846500{background-image: url(https:\/\/www.hakle.de\/wp-content\/uploads\/2026\/02\/Net_zero_bis_bg.png?id=821) !important;background-position: center !important;background-repeat: no-repeat !important;background-size: cover !important;}&#8221; el_class=&#8221;padding_background_img_netzero mtd100 desktop&#8221;][vc_column width=&#8221;1\/2&#8243;][vc_column_text css=&#8221;&#8221; color=&#8221;#ffffff&#8221; font_size=&#8221;d:30px|pl:18px|pp:18px&#8221; line_height=&#8221;120%&#8221; font_weight=&#8221;600&#8243; font_family=&#8221;Libre Baskerville&#8221;]Net Zero bis 2050 Achieving Carbon Neutrality[\/vc_column_text][vc_column_text css=&#8221;&#8221; el_class=&#8221;ptd20 ptm30&#8243; color=&#8221;#ffffff&#8221;]We commit, together with the Science Based Targets initiative (SBTi), to drastically reduce our greenhouse gas emissions and&hellip;","og_url":"https:\/\/www.hakle.de\/en\/sustainability\/","og_site_name":"Hakle","article_modified_time":"2026-03-06T10:01:16+00:00","twitter_card":"summary_large_image","twitter_misc":{"Est. reading time":"6 minutes"},"schema":{"@context":"https:\/\/schema.org","@graph":[{"@type":"WebPage","@id":"https:\/\/www.hakle.de\/en\/sustainability\/","url":"https:\/\/www.hakle.de\/en\/sustainability\/","name":"Sustainability - Hakle","isPartOf":{"@id":"https:\/\/www.hakle.de\/#website"},"datePublished":"2026-02-10T08:12:00+00:00","dateModified":"2026-03-06T10:01:16+00:00","breadcrumb":{"@id":"https:\/\/www.hakle.de\/en\/sustainability\/#breadcrumb"},"inLanguage":"en-US","potentialAction":[{"@type":"ReadAction","target":["https:\/\/www.hakle.de\/en\/sustainability\/"]}]},{"@type":"BreadcrumbList","@id":"https:\/\/www.hakle.de\/en\/sustainability\/#breadcrumb","itemListElement":[{"@type":"ListItem","position":1,"name":"Start","item":"https:\/\/www.hakle.de\/en\/"},{"@type":"ListItem","position":2,"name":"Sustainability"}]},{"@type":"WebSite","@id":"https:\/\/www.hakle.de\/#website","url":"https:\/\/www.hakle.de\/","name":"Hakle","description":"","publisher":{"@id":"https:\/\/www.hakle.de\/#organization"},"potentialAction":[{"@type":"SearchAction","target":{"@type":"EntryPoint","urlTemplate":"https:\/\/www.hakle.de\/?s={search_term_string}"},"query-input":{"@type":"PropertyValueSpecification","valueRequired":true,"valueName":"search_term_string"}}],"inLanguage":"en-US"},{"@type":"Organization","@id":"https:\/\/www.hakle.de\/#organization","name":"Hakle","url":"https:\/\/www.hakle.de\/","logo":{"@type":"ImageObject","inLanguage":"en-US","@id":"https:\/\/www.hakle.de\/#\/schema\/logo\/image\/","url":"https:\/\/www.hakle.de\/wp-content\/uploads\/2026\/02\/Logo_hakle.svg","contentUrl":"https:\/\/www.hakle.de\/wp-content\/uploads\/2026\/02\/Logo_hakle.svg","caption":"Hakle"},"image":{"@id":"https:\/\/www.hakle.de\/#\/schema\/logo\/image\/"}}]}},"_links":{"self":[{"href":"https:\/\/www.hakle.de\/en\/wp-json\/wp\/v2\/pages\/2477","targetHints":{"allow":["GET"]}}],"collection":[{"href":"https:\/\/www.hakle.de\/en\/wp-json\/wp\/v2\/pages"}],"about":[{"href":"https:\/\/www.hakle.de\/en\/wp-json\/wp\/v2\/types\/page"}],"author":[{"embeddable":true,"href":"https:\/\/www.hakle.de\/en\/wp-json\/wp\/v2\/users\/2"}],"replies":[{"embeddable":true,"href":"https:\/\/www.hakle.de\/en\/wp-json\/wp\/v2\/comments?post=2477"}],"version-history":[{"count":5,"href":"https:\/\/www.hakle.de\/en\/wp-json\/wp\/v2\/pages\/2477\/revisions"}],"predecessor-version":[{"id":2660,"href":"https:\/\/www.hakle.de\/en\/wp-json\/wp\/v2\/pages\/2477\/revisions\/2660"}],"wp:attachment":[{"href":"https:\/\/www.hakle.de\/en\/wp-json\/wp\/v2\/media?parent=2477"}],"curies":[{"name":"wp","href":"https:\/\/api.w.org\/{rel}","templated":true}]}}